{"id":298,"date":"2021-03-10T08:01:09","date_gmt":"2021-03-10T08:01:09","guid":{"rendered":"http:\/\/casachantilly.com\/?page_id=298"},"modified":"2022-06-22T11:39:11","modified_gmt":"2022-06-22T11:39:11","slug":"bemerkungen","status":"publish","type":"page","link":"https:\/\/casachantilly.com\/?page_id=298&lang=de","title":{"rendered":"Bemerkungen"},"content":{"rendered":"\n<p class=\"has-medium-font-size\"> Marco &#8211; Dezember 2020 <\/p>\n\n\n\n<p>Ein tolles Haus. Ben &amp; Juliette wohnen nebenan und helfen sofort. Der Innenraum ist von sehr hoher Qualit\u00e4t. Der Kamin, die Heizung und der beheizte Pool machen das Haus auch im Winter zu einem sehr gem\u00fctlichen Ort. Ruhige Nachbarschaft und viel Privatsph\u00e4re. Klare Empfehlung. <\/p>\n\n\n\n<p class=\"has-medium-font-size\">Carlos August 2020 <\/p>\n\n\n\n<p>Ben und Juliette, vielen Dank f\u00fcr einen sicheren und fantastischen Urlaub. Das Haus ist wunderbar, sehr gut ausgestattet, gut gelegen, mit einem immer warmen Pool. Ihre Betreuung w\u00e4hrend des Aufenthalts war fantastisch. Die Salate mit Tomaten von Ihrem Bauernhof waren sehr lecker. Details, mit denen wir uns wie zu Hause f\u00fchlen. Wiederholen !!!! Bis bald!!!! <\/p>\n\n\n\n<p class=\"has-medium-font-size\">Haley &#8211; September 2020 <\/p>\n\n\n\n<p>Alles war ausgezeichnet und so sauber !!! Ich konnte es nicht glauben. Sehr hilfsbereit und tolle Basis f\u00fcr den Aufenthalt. <\/p>\n\n\n\n<p class=\"has-medium-font-size\">Carlos &#8211; Juni 2019<\/p>\n\n\n\n<p> Das Haus war wunderbar! Sehr gut gelegen und an einem sehr ruhigen Ort zum Entspannen f\u00fcr ein paar Tage! Siempre pendientes de nosotros! Wir r\u00e4umen so viel auf, dass wir aufpassen, alles ist in einwandfreiem Zustand und sehr neu, wir f\u00fchlen uns besser als zu Hause! Muy empfehlenswert!<\/p>\n\n\n\n<p class=\"has-medium-font-size\"> Rolland Januar 2020<\/p>\n\n\n\n<p> Wir hatten das Gl\u00fcck, 2 Monate in der Villa Chantilly zu bleiben. Alles war in Topform. Wirklich ein sch\u00f6nes Ziel. <\/p>\n\n\n\n<p class=\"has-medium-font-size\">Rafael &#8211; April 2019<\/p>\n\n\n\n<p> Bei aller Perfektion ist das Haus eine Freude und es ist ein Wunder, es genie\u00dfen zu k\u00f6nnen. <\/p>\n\n\n\n<p class=\"has-medium-font-size\">Colin &#8211; Oktober 2019<\/p>\n\n\n\n<p> Dies ist eine hervorragende, stilvolle Villa. Makellos sauber und super bequem. Ich denke, die Bilder auf der Liste haben es etwas unterboten &#8211; der Pool zum Beispiel war viel gr\u00f6\u00dfer als ich erwartet hatte. <\/p>\n\n\n\n<p class=\"has-medium-font-size\">Amelia &#8211; Oktober 2019 <\/p>\n\n\n\n<p>Ben und Juliettes Platz ist absolut fantastisch. Wir gingen hinein und konnten uns nicht an einem sch\u00f6neren, perfekteren Ort wiederfinden. Im Pool und im Au\u00dfenbereich haben wir viel Zeit verbracht, es war entspannend und der Pool war so ein Genuss. Sie sind nette Gastgeber und haben alles getan, um uns unterzubringen! Sehr empfehlenswert! <\/p>\n\n\n\n<p class=\"has-medium-font-size\">Kevan &#8211; September 2019<\/p>\n\n\n\n<p> Perfekt. <\/p>\n\n\n\n<p class=\"has-medium-font-size\">Ben &#8211; Juni 2019<\/p>\n\n\n\n<p> Tolles Preis-Leistungs-Verh\u00e4ltnis und die Villa war gr\u00f6\u00dfer als wir erwartet hatten. Sie werben nicht genug f\u00fcr alle Vorteile !! <\/p>\n\n\n\n<p class=\"has-medium-font-size\">Katherine &#8211; Juni 2019<\/p>\n\n\n\n<p> Casa Chantilly ist eine wundersch\u00f6ne Villa, die noch besser ist als auf den Bildern! Es war makellos sauber und hatte innen und au\u00dfen viel Platz. Juliette und Ben sind fantastische Gastgeber &#8211; sehr freundlich und hilfsbereit. Die Arbeit, die sie in den Ort gesteckt haben, zeigt wirklich und es ist brillant. Wir denken bereits dar\u00fcber nach, wann wir zur\u00fcckkommen k\u00f6nnen! <\/p>\n\n\n\n<p class=\"has-medium-font-size\">Lorrayne &#8211; Juni 2019<\/p>\n\n\n\n<p> Fabelhafter kurzer Aufenthalt &#8230; atemberaubendes Hotel, wundersch\u00f6n eingerichtet und eingerichtet, tolle Gastgeber, wundervoller Empfang. Der Pool- \/ Gartenbereich war den ganzen Tag \u00fcber herrlich mit Sonnenschein. Der fabelhafte Pool mit Springbrunnen und Whirlpool machte meine kleine Pause dort noch angenehmer. Massive Liebe zum Detail in dieser Villa ist sehr offensichtlich. Vielen Dank\u2026 ..Ich werde auf jeden Fall wiederkommen !! <\/p>\n\n\n\n<p class=\"has-medium-font-size\">Owen &#8211; Mai 2019<\/p>\n\n\n\n<p> Fabelhafte Villa Das Airbnb-Foto wird dem nicht gerecht. Unglaublich, wie perfekt es ist<\/p>\n\n\n\n<p class=\"has-medium-font-size\">Nicholas &#8211; Mai 2019 <\/p>\n\n\n\n<p>Wir wurden von Juliette und Ben bei der Ankunft begr\u00fc\u00dft. Sie zeigten uns alles, was wir \u00fcber die Villa wissen mussten. Es war perfekt f\u00fcr einen Familienurlaub. ger\u00e4umig. Sauber. Stilvoll. Der Pool und der Grillbereich waren perfekt. Ruhebereich. Mit Lichteinfall weniger als 5 Minuten Fahrt. Toller Familienurlaub und tolle Gastgeber. hoffentlich geht es wieder<\/p>\n\n\n\n<p class=\"has-medium-font-size\"> William &#8211; April 2019 <\/p>\n\n\n\n<p>Absolut sch\u00f6nes Haus. Das Einchecken war sehr einfach und die Gastgeber waren sehr herzlich. Toller Pool und sch\u00f6ner sonniger Ort f\u00fcr Kaffee am Morgen, BBQ war auch fantastisch. W\u00fcrde auf jeden Fall wieder hier \u00fcbernachten. <\/p>\n\n\n\n<p class=\"has-medium-font-size\">Luc &#8211; August 2019<\/p>\n\n\n\n<p> Ein sehr sch\u00f6nes Haus! Ewa &#8211; Juli 2019 Casa Chantilly ist eine Oase der Ruhe abseits der Algarve. Das Haus ist makellos sauber, wundersch\u00f6n eingerichtet, der Pool ist fabelhaft und die Gastgeber sind unglaublich herzlich und einladend! Wir hatten einen fantastischen Aufenthalt und hoffen, dass wir wiederkommen. Wenn Sie bleiben, sollten Sie unbedingt die Casa Padaria besuchen, die k\u00f6stliche Pizzeria in Burgau! <\/p>\n\n\n\n<p class=\"has-medium-font-size\">Luisa &#8211; April 2019 <\/p>\n\n\n\n<p>Sch\u00f6nes Haus, wir wurden gesprengt! Wir haben nicht so viel Platz erwartet. Viele Orte rund um das Haus zum Entspannen und der Garten schafft eine sch\u00f6ne Atmosph\u00e4re, in der Sie sich entspannen und einfach Ihren Urlaub genie\u00dfen k\u00f6nnen. Wir wurden sehr herzlich von Juliette begr\u00fc\u00dft, die uns perfekte Tipps rund um espiche und zu all unseren Fragen gab! Die Kommunikation war sofort und immer hilfreich! Sehr zu empfehlen &#8211; wir hoffen, dass wir in Zukunft noch etwas Zeit in der wundersch\u00f6nen Casa Chantilly verbringen k\u00f6nnen! Vielen Dank! Zina &#8211; November 2019 Sehr pers\u00f6nliche und hilfsbereite Kontakte, Kontakt schnell und gesehen. Das Haus liegt sehr ruhig, Krieg blitzsauber und top verloren, es hat nichts gefehlt! Der sch\u00f6ne Strand von Luz ist ein bisschen wie ein halbst\u00e4ndiger Weg, um zu gehen und mit dem Auto zu gehen, um die Algarve von dort perfekt zu erhalten. Wir kommen gerne wieder! <\/p>\n\n\n\n<p>Tamara &#8211; September 2019<\/p>\n\n\n\n<p> Unersch\u00fctterliche Estancia, Komfort und Sauberkeit <\/p>\n\n\n\n<p class=\"has-medium-font-size\">Fabien &#8211; September 2019  <\/p>\n\n\n\n<p>Toller Empfang, sch\u00f6ne und sehr saubere Villa. Ger\u00e4umig, gut gelegen und mit allen notwendigen Ger\u00e4ten ausgestattet, erm\u00f6glichte es uns einen sch\u00f6nen Urlaub. Ohne die Freundlichkeit von Juliette zu vergessen!  <\/p>\n","protected":false},"excerpt":{"rendered":"<p>Marco &#8211; Dezember 2020 Ein tolles Haus. Ben &amp; Juliette wohnen nebenan und helfen sofort. Der Innenraum ist von sehr hoher Qualit\u00e4t. [&hellip;]<\/p>\n","protected":false},"author":1,"featured_media":0,"parent":0,"menu_order":0,"comment_status":"closed","ping_status":"closed","template":"","meta":{"ngg_post_thumbnail":0,"footnotes":""},"class_list":["post-298","page","type-page","status-publish","hentry"],"_links":{"self":[{"href":"https:\/\/casachantilly.com\/index.php?rest_route=\/wp\/v2\/pages\/298","targetHints":{"allow":["GET"]}}],"collection":[{"href":"https:\/\/casachantilly.com\/index.php?rest_route=\/wp\/v2\/pages"}],"about":[{"href":"https:\/\/casachantilly.com\/index.php?rest_route=\/wp\/v2\/types\/page"}],"author":[{"embeddable":true,"href":"https:\/\/casachantilly.com\/index.php?rest_route=\/wp\/v2\/users\/1"}],"replies":[{"embeddable":true,"href":"https:\/\/casachantilly.com\/index.php?rest_route=%2Fwp%2Fv2%2Fcomments&post=298"}],"version-history":[{"count":4,"href":"https:\/\/casachantilly.com\/index.php?rest_route=\/wp\/v2\/pages\/298\/revisions"}],"predecessor-version":[{"id":341,"href":"https:\/\/casachantilly.com\/index.php?rest_route=\/wp\/v2\/pages\/298\/revisions\/341"}],"wp:attachment":[{"href":"https:\/\/casachantilly.com\/index.php?rest_route=%2Fwp%2Fv2%2Fmedia&parent=298"}],"curies":[{"name":"wp","href":"https:\/\/api.w.org\/{rel}","templated":true}]}}