{"id":276,"date":"2021-03-09T17:46:32","date_gmt":"2021-03-09T17:46:32","guid":{"rendered":"http:\/\/casachantilly.com\/?page_id=276"},"modified":"2022-06-22T11:39:32","modified_gmt":"2022-06-22T11:39:32","slug":"comentarios","status":"publish","type":"page","link":"https:\/\/casachantilly.com\/?page_id=276&lang=pt","title":{"rendered":"COMENTARIOS"},"content":{"rendered":"\n<p class=\"has-medium-font-size\"> Marco &#8211;  December 2020 <\/p>\n\n\n\n<p>A great house. Ben &amp; Juliette live next door and help immediately. The interior is of a very high quality. The fireplace, heating and heated pool make the house a very cozy place even in winter. Quiet neighborhood and a lot of privacy. Clear recommendation. <\/p>\n\n\n\n<p class=\"has-medium-font-size\">Carlos August 2020<\/p>\n\n\n\n<p> Ben e Juliette, muito obrigado por umas f\u00e9rias seguras e fant\u00e1sticas. A casa \u00e9 maravilhosa, muito bem equipada, bem localizada, com uma piscina sempre quentinha. O vosso cuidado durante a estadia foi fant\u00e1stico. As saladas com os tomates da vossa quinta estavam deliciosas. Detalhes que nos fazem sentir em casa. A repetir!!!! At\u00e9 breve!!!! <\/p>\n\n\n\n<p class=\"has-medium-font-size\">Haley &#8211; September 2020<\/p>\n\n\n\n<p> Everything was excellent and SO CLEAN!!! I couldn\u2019t believe it. Very helpful and great base for the stay. <\/p>\n\n\n\n<p class=\"has-medium-font-size\">Carlos \u2013 June 2019<\/p>\n\n\n\n<p>La estancia en casa fue una maravilla! Muy bien situada y en un lugar muy tranquilo para relajarse unos dias! Siempre pendientes de nosotros! La limpieza nos llamo mucho la atencion, todo estaba en perfecto estado y muy nuevo, nos sentimos mejor que en casa! Muy recomendable!<\/p>\n\n\n\n<p class=\"has-medium-font-size\">Rolland January 2020<\/p>\n\n\n\n<p> We were lucky to stay 2 months at Villa Chantilly. Everything was top shape. Really a nice destination. <\/p>\n\n\n\n<p class=\"has-medium-font-size\">Rafael \u2013 April 2019<\/p>\n\n\n\n<p>Todo perfecto, la casa es una joya y es una maravilla haber podido disfrutar de ella.<\/p>\n\n\n\n<p class=\"has-medium-font-size\">Colin \u2013 October 2019<\/p>\n\n\n\n<p>This is a superb, stylish villa. Spotlessly clean and superbly comfortable. I think the pictures on the listing undersold it slightly \u2013 the pool for example was much bigger than I expected.<\/p>\n\n\n\n<p class=\"has-medium-font-size\">Amelia \u2013 October 2019<\/p>\n\n\n\n<p>Ben and Juliette\u2019s place is absolutely amazing. We walked in and couldn\u2019t find ourselves in a more beautiful, perfect place. The pool and outdoor area is where we spent a lot of our time, it was relaxing and the pool was such a treat. They are lovely hosts and went out of their way to accommodate us! Highly recommend!<\/p>\n\n\n\n<p class=\"has-medium-font-size\">Kevan \u2013 September 2019<\/p>\n\n\n\n<p>Perfect.<\/p>\n\n\n\n<p class=\"has-medium-font-size\">Ben \u2013 June 2019<\/p>\n\n\n\n<p>Great value for money and the villa was bigger than we expected. They dont advertise all the perks enough!!<\/p>\n\n\n\n<p class=\"has-medium-font-size\">Katherine \u2013 June 2019<\/p>\n\n\n\n<p>Casa Chantilly is a beautiful villa even better than it looks in the pictures! It was sparkling clean with plenty of space both inside and out. Juliette and Ben are fantastic hosts \u2013 very friendly and helpful. The work they have put into the place really shows and it is brilliant. We are already thinking about when we can come back!<\/p>\n\n\n\n<p class=\"has-medium-font-size\">Lorrayne \u2013 June 2019<\/p>\n\n\n\n<p>Fabulous short stay\u2026.stunning property, beautifully decorated and furnished, amazing hosts, wonderful welcome. Pool\/garden area was delightful with sunshine aspect all day long. Fabulous pool with fountain and jacuzzi made my little break there even more enjoyable. Massive attention to detail in this villa is very evident. Thank you so much\u2026..I will absolutely be returning !!<\/p>\n\n\n\n<p class=\"has-medium-font-size\">Owen \u2013 May 2019<\/p>\n\n\n\n<p>Fabulous villa the airbnb photo doesn\u2019t do it justice unbelieveable just how perfect it is<\/p>\n\n\n\n<p class=\"has-medium-font-size\">Nicholas \u2013 May 2019<\/p>\n\n\n\n<p>We were welcomed by Juliette an Ben on arrival . They showed us everything we needed to know about the villa . It was perfect for a family break . spacious . Clean . Stylish . An the pool am BBQ area was perfect . Quiet area . With pria de luz less than a 5 min drive . Great family holiday an great hosts . hopefully will go back<\/p>\n\n\n\n<p>William \u2013 April 2019<\/p>\n\n\n\n<p>Absolutely lovely house. Check in was really easy and hosts were really welcoming. Great pool and lovely sunny spot for morning coffees, BBQ was fantastic as well. Would definitely stay here again.<\/p>\n\n\n\n<p>Luc \u2013 August 2019<\/p>\n\n\n\n<p>A very nice casa !<\/p>\n\n\n\n<p>Ewa \u2013 July 2019<\/p>\n\n\n\n<p>Casa Chantilly is an oasis of tranquility away from the Algarve crowds. The house is sparkling clean, beautifully decorated, the pool is fabulous, and the hosts are incredibly warm and welcoming! We had an amazing stay and hope to return. If you stay, make sure you pop in to Casa Padaria, their delicious pizzeria in Burgau!<\/p>\n\n\n\n<p>Luisa \u2013 April 2019<\/p>\n\n\n\n<p>Beautiful house, we were blasted! We didn\u2018t expect that much space. Many spots around the house to relax and the garden creates a beautiful atmosphere where you can relax and just enjoy your holiday. We were most warmly welcomed by Juliette, who gave us perfect tips around espiche and to all our questions! The communication was imidiate and always helpful! Highly recomendable \u2013 we hope to spend some more time in beautiful casa chantilly in the future! Thanks!<\/p>\n\n\n\n<p>Zina \u2013 November 2019<\/p>\n\n\n\n<p>Sehr freundliche und hilfsbereite Gastgeber, Kontakt schnell und zuverl\u00e4ssig. Das Haus liegt sehr ruhig, war blitzsauber und top ausgestattet, es hat uns an nichts gefehlt! Der sch\u00f6ne Strand von Luz ist auch mit einem halbst\u00fcndigen Spaziergang zu erreichen und mit dem Auto l\u00e4sst sich die Algarve von dort perfekt erkunden. Wir kommen gerne wieder!<\/p>\n\n\n\n<p>Tamara \u2013 September 2019<\/p>\n\n\n\n<p>Inmejorable estancia, comodidad y limpieza<\/p>\n\n\n\n<p>Fabien \u2013 September 2019<\/p>\n\n\n\n<p>Super accueil, villa magnifique et tr\u00e8s propre. Spacieuse, bien situ\u00e9e et avec tout les \u00e9quipements n\u00e9cessaires elle nous a permis de passer de tr\u00e8s bonnes vacances. Sans oublier la gentillesse de Juliette !<\/p>\n","protected":false},"excerpt":{"rendered":"<p>Marco &#8211; December 2020 A great house. Ben &amp; Juliette live next door and help immediately. The interior is of a very [&hellip;]<\/p>\n","protected":false},"author":1,"featured_media":0,"parent":0,"menu_order":0,"comment_status":"closed","ping_status":"closed","template":"","meta":{"ngg_post_thumbnail":0,"footnotes":""},"class_list":["post-276","page","type-page","status-publish","hentry"],"_links":{"self":[{"href":"https:\/\/casachantilly.com\/index.php?rest_route=\/wp\/v2\/pages\/276","targetHints":{"allow":["GET"]}}],"collection":[{"href":"https:\/\/casachantilly.com\/index.php?rest_route=\/wp\/v2\/pages"}],"about":[{"href":"https:\/\/casachantilly.com\/index.php?rest_route=\/wp\/v2\/types\/page"}],"author":[{"embeddable":true,"href":"https:\/\/casachantilly.com\/index.php?rest_route=\/wp\/v2\/users\/1"}],"replies":[{"embeddable":true,"href":"https:\/\/casachantilly.com\/index.php?rest_route=%2Fwp%2Fv2%2Fcomments&post=276"}],"version-history":[{"count":7,"href":"https:\/\/casachantilly.com\/index.php?rest_route=\/wp\/v2\/pages\/276\/revisions"}],"predecessor-version":[{"id":342,"href":"https:\/\/casachantilly.com\/index.php?rest_route=\/wp\/v2\/pages\/276\/revisions\/342"}],"wp:attachment":[{"href":"https:\/\/casachantilly.com\/index.php?rest_route=%2Fwp%2Fv2%2Fmedia&parent=276"}],"curies":[{"name":"wp","href":"https:\/\/api.w.org\/{rel}","templated":true}]}}