{"id":265,"date":"2021-03-09T17:30:27","date_gmt":"2021-03-09T17:30:27","guid":{"rendered":"http:\/\/casachantilly.com\/about-casa-chantilly-portugues\/"},"modified":"2022-06-22T11:41:04","modified_gmt":"2022-06-22T11:41:04","slug":"about-casa-chantilly-portugues","status":"publish","type":"page","link":"https:\/\/casachantilly.com\/?page_id=265&lang=pt","title":{"rendered":"SOBRE NOS"},"content":{"rendered":"\n<p> Sobre a Casa Chantilly <\/p>\n\n\n\n<p>Moradia isolada em Espiche com jardins privados e piscina aquecida. (custos adicionais para aquecimento da piscina)<\/p>\n\n\n\n<p> Muitos pequenos extras que a tornam uma villa \u00fanica e muito especial. <\/p>\n\n\n\n<p>3 quartos. 2 quartos duplos e 1 twin.<\/p>\n\n\n\n<p> Sala de jogos com mesa de sinuca e dardos. <\/p>\n\n\n\n<p>Ar condicionado. <\/p>\n\n\n\n<p>Fog\u00e3o a lenha para aquelas noites de inverno. <\/p>\n\n\n\n<p>Sistema de jato de ar em piscina. <\/p>\n\n\n\n<p>Netflix. <\/p>\n\n\n\n<p>Check-in: Ap\u00f3s 15h Check-out: 10h <\/p>\n\n\n\n<figure class=\"wp-block-image size-large\"><img loading=\"lazy\" decoding=\"async\" width=\"738\" height=\"431\" src=\"https:\/\/casachantilly.com\/wp-content\/uploads\/2021\/03\/map-google.jpg\" alt=\"\" class=\"wp-image-286\" srcset=\"https:\/\/casachantilly.com\/wp-content\/uploads\/2021\/03\/map-google.jpg 738w, https:\/\/casachantilly.com\/wp-content\/uploads\/2021\/03\/map-google-300x175.jpg 300w, https:\/\/casachantilly.com\/wp-content\/uploads\/2021\/03\/map-google-230x134.jpg 230w, https:\/\/casachantilly.com\/wp-content\/uploads\/2021\/03\/map-google-350x204.jpg 350w, https:\/\/casachantilly.com\/wp-content\/uploads\/2021\/03\/map-google-480x280.jpg 480w\" sizes=\"auto, (max-width: 738px) 100vw, 738px\" \/><\/figure>\n\n\n\n<p>Regras da Casa<\/p>\n\n\n\n<p>N\u00e3o \u00e9 adequado para beb\u00eas (menores de 2 anos) <\/p>\n\n\n\n<p>N\u00e3o fumar <\/p>\n\n\n\n<p>Sem animais de estima\u00e7\u00e3o<\/p>\n\n\n\n<p>Sem festas ou eventos <\/p>\n\n\n\n<p>N\u00famero da licen\u00e7a &#8211; 92891 \/ AL  <\/p>\n","protected":false},"excerpt":{"rendered":"<p>Sobre a Casa Chantilly Moradia isolada em Espiche com jardins privados e piscina aquecida. (custos adicionais para aquecimento da piscina) Muitos pequenos [&hellip;]<\/p>\n","protected":false},"author":1,"featured_media":0,"parent":0,"menu_order":0,"comment_status":"closed","ping_status":"closed","template":"","meta":{"ngg_post_thumbnail":0,"footnotes":""},"class_list":["post-265","page","type-page","status-publish","hentry"],"_links":{"self":[{"href":"https:\/\/casachantilly.com\/index.php?rest_route=\/wp\/v2\/pages\/265","targetHints":{"allow":["GET"]}}],"collection":[{"href":"https:\/\/casachantilly.com\/index.php?rest_route=\/wp\/v2\/pages"}],"about":[{"href":"https:\/\/casachantilly.com\/index.php?rest_route=\/wp\/v2\/types\/page"}],"author":[{"embeddable":true,"href":"https:\/\/casachantilly.com\/index.php?rest_route=\/wp\/v2\/users\/1"}],"replies":[{"embeddable":true,"href":"https:\/\/casachantilly.com\/index.php?rest_route=%2Fwp%2Fv2%2Fcomments&post=265"}],"version-history":[{"count":3,"href":"https:\/\/casachantilly.com\/index.php?rest_route=\/wp\/v2\/pages\/265\/revisions"}],"predecessor-version":[{"id":350,"href":"https:\/\/casachantilly.com\/index.php?rest_route=\/wp\/v2\/pages\/265\/revisions\/350"}],"wp:attachment":[{"href":"https:\/\/casachantilly.com\/index.php?rest_route=%2Fwp%2Fv2%2Fmedia&parent=265"}],"curies":[{"name":"wp","href":"https:\/\/api.w.org\/{rel}","templated":true}]}}